{"id":11449,"date":"2022-03-02T11:29:52","date_gmt":"2022-03-02T09:29:52","guid":{"rendered":"https:\/\/oni.al\/sherbimet\/"},"modified":"2022-06-03T13:43:40","modified_gmt":"2022-06-03T11:43:40","slug":"our-services","status":"publish","type":"page","link":"https:\/\/oni.al\/en\/our-services\/","title":{"rendered":"Services"},"content":{"rendered":"\t\t<div data-elementor-type=\"wp-page\" data-elementor-id=\"11449\" class=\"elementor elementor-11449 elementor-7771\">\n\t\t\t\t\t\t<section class=\"elementor-section elementor-top-section elementor-element elementor-element-791c9cd elementor-section-boxed elementor-section-height-default elementor-section-height-default rt-parallax-bg-no\" data-id=\"791c9cd\" data-element_type=\"section\">\n\t\t\t\t\t\t<div class=\"elementor-container elementor-column-gap-default\">\n\t\t\t\t\t<div class=\"elementor-column elementor-col-100 elementor-top-column elementor-element elementor-element-be41c44\" data-id=\"be41c44\" data-element_type=\"column\">\n\t\t\t<div class=\"elementor-widget-wrap elementor-element-populated\">\n\t\t\t\t\t\t<div class=\"elementor-element elementor-element-d87d96e elementor-invisible elementor-widget elementor-widget-rt-service\" data-id=\"d87d96e\" data-element_type=\"widget\" data-widget_type=\"rt-service.default\">\n\t\t\t\t<div class=\"elementor-widget-container\">\n\t\t\t\t\t<div class=\"service-default portfolio-multi-layout-2 service-grid-layout8\">\r\n\t<div class=\"row\" >\t\r\n\t\t\t\t<div class=\"col-xl-4 col-lg-6 col-md-6 col-sm-12 col-12 rt-grid-item \">\r\n\t\t\t<div class=\"service-item rtin-item rt-animate hide fadeInUp\" data-wow-delay=\"0.3s\" data-wow-duration=\"1.2s\">\r\n\t\t\t\t<div class=\"service-figure rtin-figure\">\r\n\t\t\t\t\t<a href=\"https:\/\/oni.al\/en\/services\/hospital-infrastructure\/\">\r\n                        <img fetchpriority=\"high\" decoding=\"async\" width=\"551\" height=\"700\" src=\"https:\/\/oni.al\/wp-content\/uploads\/2021\/10\/Hospital-Infrastrukture-551x700.jpeg\" class=\"img-fluid mb-10 width-100 wp-post-image\" alt=\"\" \/>                    <\/a>\r\n                    <div class=\"service-box-content rtin-content\">\r\n                                                    <div class=\"cat-list\">\r\n                                <a href=\"https:\/\/oni.al\/en\/service-category\/oni-en\/\">ONI<\/a>                                <\/div>\t\r\n                                                <h3 class=\"service-title\"><a href=\"https:\/\/oni.al\/en\/services\/hospital-infrastructure\/\">Hospital infrastructure<\/a><\/h3>\r\n                                                    <p class=\"service-text\">We enable the increase of the quality of hospital services.<\/p>\r\n                                                                            <div class=\"portfolio-btn\">\r\n                                <a href=\"https:\/\/oni.al\/en\/services\/hospital-infrastructure\/\" class=\"btn-style2\">+ <span>Read More<\/span><\/a>\r\n                            <\/div>\r\n\t\t\t\t\t    \t\t\t\t    <\/div>\r\n\t\t\t\t<\/div>\r\n\t\t\t<\/div>\r\n\t\t<\/div>\r\n\t\t\t\t<div class=\"col-xl-4 col-lg-6 col-md-6 col-sm-12 col-12 rt-grid-item \">\r\n\t\t\t<div class=\"service-item rtin-item rt-animate hide fadeInUp\" data-wow-delay=\"2.2s\" data-wow-duration=\"1.4s\">\r\n\t\t\t\t<div class=\"service-figure rtin-figure\">\r\n\t\t\t\t\t<a href=\"https:\/\/oni.al\/en\/services\/it-infrastructure\/\">\r\n                        <img decoding=\"async\" width=\"551\" height=\"700\" src=\"https:\/\/oni.al\/wp-content\/uploads\/2021\/10\/IT-infrastructure-551x700.jpeg\" class=\"img-fluid mb-10 width-100 wp-post-image\" alt=\"\" \/>                    <\/a>\r\n                    <div class=\"service-box-content rtin-content\">\r\n                                                    <div class=\"cat-list\">\r\n                                <a href=\"https:\/\/oni.al\/en\/service-category\/oni-en\/\">ONI<\/a>                                <\/div>\t\r\n                                                <h3 class=\"service-title\"><a href=\"https:\/\/oni.al\/en\/services\/it-infrastructure\/\">IT Infrastructure<\/a><\/h3>\r\n                                                    <p class=\"service-text\">Our experts will enable the implement of IT networks.<\/p>\r\n                                                                            <div class=\"portfolio-btn\">\r\n                                <a href=\"https:\/\/oni.al\/en\/services\/it-infrastructure\/\" class=\"btn-style2\">+ <span>Read More<\/span><\/a>\r\n                            <\/div>\r\n\t\t\t\t\t    \t\t\t\t    <\/div>\r\n\t\t\t\t<\/div>\r\n\t\t\t<\/div>\r\n\t\t<\/div>\r\n\t\t\t\t<div class=\"col-xl-4 col-lg-6 col-md-6 col-sm-12 col-12 rt-grid-item \">\r\n\t\t\t<div class=\"service-item rtin-item rt-animate hide fadeInUp\" data-wow-delay=\"2.2s\" data-wow-duration=\"1.6s\">\r\n\t\t\t\t<div class=\"service-figure rtin-figure\">\r\n\t\t\t\t\t<a href=\"https:\/\/oni.al\/en\/services\/software\/\">\r\n                        <img decoding=\"async\" width=\"551\" height=\"700\" src=\"https:\/\/oni.al\/wp-content\/uploads\/2021\/10\/Software-551x700.jpeg\" class=\"img-fluid mb-10 width-100 wp-post-image\" alt=\"\" \/>                    <\/a>\r\n                    <div class=\"service-box-content rtin-content\">\r\n                                                    <div class=\"cat-list\">\r\n                                <a href=\"https:\/\/oni.al\/en\/service-category\/oni-en\/\">ONI<\/a>                                <\/div>\t\r\n                                                <h3 class=\"service-title\"><a href=\"https:\/\/oni.al\/en\/services\/software\/\">Software<\/a><\/h3>\r\n                                                    <p class=\"service-text\">We provide automated solutions for trade and industry.<\/p>\r\n                                                                            <div class=\"portfolio-btn\">\r\n                                <a href=\"https:\/\/oni.al\/en\/services\/software\/\" class=\"btn-style2\">+ <span>Read More<\/span><\/a>\r\n                            <\/div>\r\n\t\t\t\t\t    \t\t\t\t    <\/div>\r\n\t\t\t\t<\/div>\r\n\t\t\t<\/div>\r\n\t\t<\/div>\r\n\t\t\t\t<div class=\"col-xl-4 col-lg-6 col-md-6 col-sm-12 col-12 rt-grid-item \">\r\n\t\t\t<div class=\"service-item rtin-item rt-animate hide fadeInUp\" data-wow-delay=\"2.2s\" data-wow-duration=\"1.8s\">\r\n\t\t\t\t<div class=\"service-figure rtin-figure\">\r\n\t\t\t\t\t<a href=\"https:\/\/oni.al\/en\/services\/maintenance-services\/\">\r\n                        <img loading=\"lazy\" decoding=\"async\" width=\"551\" height=\"700\" src=\"https:\/\/oni.al\/wp-content\/uploads\/2021\/10\/Maintenace-551x700.jpeg\" class=\"img-fluid mb-10 width-100 wp-post-image\" alt=\"\" \/>                    <\/a>\r\n                    <div class=\"service-box-content rtin-content\">\r\n                                                    <div class=\"cat-list\">\r\n                                <a href=\"https:\/\/oni.al\/en\/service-category\/oni-en\/\">ONI<\/a>                                <\/div>\t\r\n                                                <h3 class=\"service-title\"><a href=\"https:\/\/oni.al\/en\/services\/maintenance-services\/\">Maintenance services<\/a><\/h3>\r\n                                                    <p class=\"service-text\">Our technicians dedicate the maximum time and commitment to the<\/p>\r\n                                                                            <div class=\"portfolio-btn\">\r\n                                <a href=\"https:\/\/oni.al\/en\/services\/maintenance-services\/\" class=\"btn-style2\">+ <span>Read More<\/span><\/a>\r\n                            <\/div>\r\n\t\t\t\t\t    \t\t\t\t    <\/div>\r\n\t\t\t\t<\/div>\r\n\t\t\t<\/div>\r\n\t\t<\/div>\r\n\t\t\t\t<div class=\"col-xl-4 col-lg-6 col-md-6 col-sm-12 col-12 rt-grid-item \">\r\n\t\t\t<div class=\"service-item rtin-item rt-animate hide fadeInUp\" data-wow-delay=\"2.2s\" data-wow-duration=\"2s\">\r\n\t\t\t\t<div class=\"service-figure rtin-figure\">\r\n\t\t\t\t\t<a href=\"https:\/\/oni.al\/en\/services\/training\/\">\r\n                        <img loading=\"lazy\" decoding=\"async\" width=\"551\" height=\"700\" src=\"https:\/\/oni.al\/wp-content\/uploads\/2021\/10\/Trajnime-551x700.jpg\" class=\"img-fluid mb-10 width-100 wp-post-image\" alt=\"ONI shpk ofron zgjidhje t\u00eb automatizuara dhe t\u00eb personalizuara n\u00eb Teknologji Informacioni dhe Zhvillim Software p\u00ebr cdo sip\u00ebrmarrje. ONI shpk in Tirana, Albania offers automated and personalized solutions in Information Technology &amp; Software Development for every enterprise\" \/>                    <\/a>\r\n                    <div class=\"service-box-content rtin-content\">\r\n                                                    <div class=\"cat-list\">\r\n                                <a href=\"https:\/\/oni.al\/en\/service-category\/oni-en\/\">ONI<\/a>                                <\/div>\t\r\n                                                <h3 class=\"service-title\"><a href=\"https:\/\/oni.al\/en\/services\/training\/\">Training<\/a><\/h3>\r\n                                                    <p class=\"service-text\">Staff training guarantees the fastest implementation of our systems.<\/p>\r\n                                                                            <div class=\"portfolio-btn\">\r\n                                <a href=\"https:\/\/oni.al\/en\/services\/training\/\" class=\"btn-style2\">+ <span>Read More<\/span><\/a>\r\n                            <\/div>\r\n\t\t\t\t\t    \t\t\t\t    <\/div>\r\n\t\t\t\t<\/div>\r\n\t\t\t<\/div>\r\n\t\t<\/div>\r\n\t\t\t\t<div class=\"col-xl-4 col-lg-6 col-md-6 col-sm-12 col-12 rt-grid-item \">\r\n\t\t\t<div class=\"service-item rtin-item rt-animate hide fadeInUp\" data-wow-delay=\"2.2s\" data-wow-duration=\"2.2s\">\r\n\t\t\t\t<div class=\"service-figure rtin-figure\">\r\n\t\t\t\t\t<a href=\"https:\/\/oni.al\/en\/services\/consultancy\/\">\r\n                        <img loading=\"lazy\" decoding=\"async\" width=\"551\" height=\"700\" src=\"https:\/\/oni.al\/wp-content\/uploads\/2024\/07\/97637-551x700.jpg\" class=\"img-fluid mb-10 width-100 wp-post-image\" alt=\"\" \/>                    <\/a>\r\n                    <div class=\"service-box-content rtin-content\">\r\n                                                    <div class=\"cat-list\">\r\n                                <a href=\"https:\/\/oni.al\/en\/service-category\/oni-en\/\">ONI<\/a>                                <\/div>\t\r\n                                                <h3 class=\"service-title\"><a href=\"https:\/\/oni.al\/en\/services\/consultancy\/\">Consultancy<\/a><\/h3>\r\n                                                    <p class=\"service-text\">Consulting for the creation and improvement of new projects.<\/p>\r\n                                                                            <div class=\"portfolio-btn\">\r\n                                <a href=\"https:\/\/oni.al\/en\/services\/consultancy\/\" class=\"btn-style2\">+ <span>Read More<\/span><\/a>\r\n                            <\/div>\r\n\t\t\t\t\t    \t\t\t\t    <\/div>\r\n\t\t\t\t<\/div>\r\n\t\t\t<\/div>\r\n\t\t<\/div>\r\n\t\t\t\t<\/div>\r\n\t\t\r\n\t\t<\/div>\t\t\t\t<\/div>\n\t\t\t\t<\/div>\n\t\t\t\t\t<\/div>\n\t\t<\/div>\n\t\t\t\t\t<\/div>\n\t\t<\/section>\n\t\t\t\t<\/div>\n\t\t","protected":false},"excerpt":{"rendered":"<p>ONI Infrastrukture spitalore Mund\u00ebsojm\u00eb rritjen e cil\u00ebsis\u00eb s\u00eb sh\u00ebrbimeve spitalore. + Read More ONI Infrastrukture IT Ekspert\u00ebt tan\u00eb do ju mund\u00ebsojn\u00eb implementimin e rrjeteve IT. + Read More ONI Software Ne frojm\u00eb zgjidhje t\u00eb automatizuar p\u00ebr tregtin\u00eb dhe industrin\u00eb. + Read More ONI Sherbime mirembajtje Mir\u00ebmbajtjes u dedikohet koha dhe impenjimi maksimal nga teknik\u00ebt tan\u00eb. [&hellip;]<\/p>\n","protected":false},"author":1,"featured_media":0,"parent":0,"menu_order":0,"comment_status":"closed","ping_status":"closed","template":"elementor_header_footer","meta":{"footnotes":""},"class_list":["post-11449","page","type-page","status-publish","hentry"],"_links":{"self":[{"href":"https:\/\/oni.al\/en\/wp-json\/wp\/v2\/pages\/11449","targetHints":{"allow":["GET"]}}],"collection":[{"href":"https:\/\/oni.al\/en\/wp-json\/wp\/v2\/pages"}],"about":[{"href":"https:\/\/oni.al\/en\/wp-json\/wp\/v2\/types\/page"}],"author":[{"embeddable":true,"href":"https:\/\/oni.al\/en\/wp-json\/wp\/v2\/users\/1"}],"replies":[{"embeddable":true,"href":"https:\/\/oni.al\/en\/wp-json\/wp\/v2\/comments?post=11449"}],"version-history":[{"count":1,"href":"https:\/\/oni.al\/en\/wp-json\/wp\/v2\/pages\/11449\/revisions"}],"predecessor-version":[{"id":11450,"href":"https:\/\/oni.al\/en\/wp-json\/wp\/v2\/pages\/11449\/revisions\/11450"}],"wp:attachment":[{"href":"https:\/\/oni.al\/en\/wp-json\/wp\/v2\/media?parent=11449"}],"curies":[{"name":"wp","href":"https:\/\/api.w.org\/{rel}","templated":true}]}}