{"id":11284,"date":"2022-05-19T18:20:37","date_gmt":"2022-05-19T17:20:37","guid":{"rendered":"https:\/\/oni.al\/produkte\/"},"modified":"2022-06-03T17:07:06","modified_gmt":"2022-06-03T15:07:06","slug":"products","status":"publish","type":"page","link":"https:\/\/oni.al\/en\/products\/","title":{"rendered":"Products"},"content":{"rendered":"\t\t<div data-elementor-type=\"wp-page\" data-elementor-id=\"11284\" class=\"elementor elementor-11284 elementor-8849\">\n\t\t\t\t\t\t<section class=\"elementor-section elementor-top-section elementor-element elementor-element-0eeb0d4 elementor-section-full_width elementor-section-stretched elementor-section-height-default elementor-section-height-default rt-parallax-bg-no\" data-id=\"0eeb0d4\" data-element_type=\"section\" data-settings=\"{&quot;stretch_section&quot;:&quot;section-stretched&quot;,&quot;background_background&quot;:&quot;classic&quot;}\">\n\t\t\t\t\t\t<div class=\"elementor-container elementor-column-gap-default\">\n\t\t\t\t\t<div class=\"elementor-column elementor-col-100 elementor-top-column elementor-element elementor-element-e9a79a5\" data-id=\"e9a79a5\" data-element_type=\"column\">\n\t\t\t<div class=\"elementor-widget-wrap elementor-element-populated\">\n\t\t\t\t\t\t<section class=\"elementor-section elementor-inner-section elementor-element elementor-element-244a5dd elementor-section-full_width elementor-section-height-default elementor-section-height-default rt-parallax-bg-no\" data-id=\"244a5dd\" data-element_type=\"section\">\n\t\t\t\t\t\t<div class=\"elementor-container elementor-column-gap-default\">\n\t\t\t\t\t<div class=\"elementor-column elementor-col-25 elementor-inner-column elementor-element elementor-element-a695134\" data-id=\"a695134\" data-element_type=\"column\">\n\t\t\t<div class=\"elementor-widget-wrap elementor-element-populated\">\n\t\t\t\t\t\t<div class=\"elementor-element elementor-element-2e0b59a5 rt-animate elementor-invisible elementor-widget elementor-widget-rt-info-box\" data-id=\"2e0b59a5\" data-element_type=\"widget\" data-settings=\"{&quot;_animation&quot;:&quot;fadeInUp&quot;,&quot;_animation_delay&quot;:300}\" data-widget_type=\"rt-info-box.default\">\n\t\t\t\t<div class=\"elementor-widget-container\">\n\t\t\t\t\t<div class=\"info-box info-style9\">\r\n\t<div class=\"info-item  media-image\">\r\n\t\t<div class=\"info-bg-image\">\r\n\t\t\t<a href=\"https:\/\/oni.al\/products\/siis\/?lang=en\"><img fetchpriority=\"high\" decoding=\"async\" width=\"1210\" height=\"779\" src=\"https:\/\/oni.al\/wp-content\/uploads\/2021\/10\/laptop-with-various-icons-server-room-background-e1653045871141.jpg\" class=\"attachment-full size-full wp-image-10935\" alt=\"ONI shpk ofron zgjidhje t\u00eb automatizuara dhe t\u00eb personalizuara n\u00eb Teknologji Informacioni dhe Zhvillim Software p\u00ebr cdo sip\u00ebrmarrje. ONI shpk in Tirana, Albania offers automated and personalized solutions in Information Technology &amp; Software Development for every enterprise\" \/><\/a>\t\t<\/div>\r\n\t\t<div class=\"info-content media-body\">\t\r\n\t\t\t\t\t\t<div class=\"icon-image\">\r\n\t\t\t\t\t\t            \r\n\t\t\t\t\t<span class=\"info-img\"><a href=\"https:\/\/oni.al\/products\/siis\/?lang=en\"><img decoding=\"async\" width=\"291\" height=\"51\" src=\"https:\/\/oni.al\/wp-content\/uploads\/2022\/05\/LOGO-SIIS.png\" class=\"attachment-full size-full wp-image-10224\" alt=\"ONI shpk ofron zgjidhje t\u00eb automatizuara dhe t\u00eb personalizuara n\u00eb Teknologji Informacioni dhe Zhvillim Software p\u00ebr cdo sip\u00ebrmarrje. ONI shpk in Tirana, Albania offers automated and personalized solutions in Information Technology &amp; Software Development for every enterprise\" \/><\/span>  \r\n\t\t\t\t\t\t\t<\/div>\r\n\r\n\t\t\t\t\t\t\t\t\t\t\t\t<div class=\"info-text\">\r\n\t\t\t\t\t\tThe Integrated Health Information System includes every structure in a hospital, its focus is to increase the quality of service to the patient.\t\t\t\t\t<\/div>\r\n\t\t\t\t\t\t\t\t\t\t\t\t\t<div class=\"info-button7\"><a class=\"btn-style8\" href=\"https:\/\/oni.al\/products\/siis\/?lang=en\">Read More<svg xmlns=\"http:\/\/www.w3.org\/2000\/svg\" width=\"24px\" height=\"24px\" viewBox=\"0 0 24 24\">\r\n<path fill=\"rgb(250, 54, 10)\" d=\"M11.998,23.997 C5.381,23.997 -0.001,18.614 -0.001,11.998 C-0.001,5.382 5.381,-0.001 11.998,-0.001 C18.614,-0.001 23.997,5.382 23.997,11.998 C23.997,18.614 18.614,23.997 11.998,23.997 ZM11.998,2.181 C6.584,2.181 2.180,6.585 2.180,11.998 C2.180,17.412 6.584,21.815 11.998,21.815 C17.411,21.815 21.815,17.412 21.815,11.998 C21.815,6.585 17.411,2.181 11.998,2.181 ZM17.368,12.415 C17.312,12.548 17.232,12.669 17.131,12.770 L12.769,17.132 C12.556,17.346 12.277,17.452 11.998,17.452 C11.718,17.452 11.439,17.346 11.226,17.132 C10.800,16.706 10.800,16.016 11.226,15.590 L13.728,13.089 L7.634,13.089 C7.032,13.089 6.543,12.600 6.543,11.998 C6.543,11.396 7.032,10.907 7.634,10.907 L13.728,10.907 L11.226,8.406 C10.800,7.980 10.800,7.289 11.226,6.863 C11.652,6.437 12.343,6.437 12.769,6.863 L17.131,11.226 C17.232,11.327 17.312,11.447 17.368,11.581 C17.478,11.848 17.478,12.148 17.368,12.415 Z\" \/>\r\n<\/svg><\/a><\/div>\t\t\r\n\t\t\t\r\n\t\t\t\r\n\t\t<\/div>\r\n\t<\/div>\r\n<\/div>\t\t\t\t<\/div>\n\t\t\t\t<\/div>\n\t\t\t\t\t<\/div>\n\t\t<\/div>\n\t\t\t\t<div class=\"elementor-column elementor-col-25 elementor-inner-column elementor-element elementor-element-a23eb44\" data-id=\"a23eb44\" data-element_type=\"column\">\n\t\t\t<div class=\"elementor-widget-wrap elementor-element-populated\">\n\t\t\t\t\t\t<div class=\"elementor-element elementor-element-745a0c94 rt-animate elementor-invisible elementor-widget elementor-widget-rt-info-box\" data-id=\"745a0c94\" data-element_type=\"widget\" data-settings=\"{&quot;_animation&quot;:&quot;fadeInUp&quot;,&quot;_animation_delay&quot;:500}\" data-widget_type=\"rt-info-box.default\">\n\t\t\t\t<div class=\"elementor-widget-container\">\n\t\t\t\t\t<div class=\"info-box info-style9\">\r\n\t<div class=\"info-item  media-image\">\r\n\t\t<div class=\"info-bg-image\">\r\n\t\t\t<a href=\"https:\/\/oni.al\/products\/sisp\/?lang=en\"><img fetchpriority=\"high\" decoding=\"async\" width=\"1210\" height=\"779\" src=\"https:\/\/oni.al\/wp-content\/uploads\/2021\/10\/laptop-with-various-icons-server-room-background-e1653045871141.jpg\" class=\"attachment-full size-full wp-image-10935\" alt=\"ONI shpk ofron zgjidhje t\u00eb automatizuara dhe t\u00eb personalizuara n\u00eb Teknologji Informacioni dhe Zhvillim Software p\u00ebr cdo sip\u00ebrmarrje. ONI shpk in Tirana, Albania offers automated and personalized solutions in Information Technology &amp; Software Development for every enterprise\" \/><\/a>\t\t<\/div>\r\n\t\t<div class=\"info-content media-body\">\t\r\n\t\t\t\t\t\t<div class=\"icon-image\">\r\n\t\t\t\t\t\t            \r\n\t\t\t\t\t<span class=\"info-img\"><a href=\"https:\/\/oni.al\/products\/sisp\/?lang=en\"><img decoding=\"async\" src=\"https:\/\/oni.al\/wp-content\/uploads\/elementor\/thumbs\/LOGOSISP-400x400-1-ppdxyzvwds31jpaaasjg6e3m9l6p12acws9ga4yz74.png\" title=\"LOGOSISP 400&#215;400\" alt=\"ONI shpk ofron zgjidhje t\u00eb automatizuara dhe t\u00eb personalizuara n\u00eb Teknologji Informacioni dhe Zhvillim Software p\u00ebr cdo sip\u00ebrmarrje. ONI shpk in Tirana, Albania offers automated and personalized solutions in Information Technology &amp; Software Development for every enterprise\" loading=\"lazy\" \/><\/span>  \r\n\t\t\t\t\t\t\t<\/div>\r\n\r\n\t\t\t\t\t\t\t\t\t\t\t\t<div class=\"info-text\">\r\n\t\t\t\t\t\tSISP is a system who includes every structure in a hospital, its focus is to increase the quality of service to the patient.\t\t\t\t\t<\/div>\r\n\t\t\t\t\t\t\t\t\t\t\t\t\t<div class=\"info-button7\"><a class=\"btn-style8\" href=\"https:\/\/oni.al\/products\/sisp\/?lang=en\">Read More<svg xmlns=\"http:\/\/www.w3.org\/2000\/svg\" width=\"24px\" height=\"24px\" viewBox=\"0 0 24 24\">\r\n<path fill=\"rgb(250, 54, 10)\" d=\"M11.998,23.997 C5.381,23.997 -0.001,18.614 -0.001,11.998 C-0.001,5.382 5.381,-0.001 11.998,-0.001 C18.614,-0.001 23.997,5.382 23.997,11.998 C23.997,18.614 18.614,23.997 11.998,23.997 ZM11.998,2.181 C6.584,2.181 2.180,6.585 2.180,11.998 C2.180,17.412 6.584,21.815 11.998,21.815 C17.411,21.815 21.815,17.412 21.815,11.998 C21.815,6.585 17.411,2.181 11.998,2.181 ZM17.368,12.415 C17.312,12.548 17.232,12.669 17.131,12.770 L12.769,17.132 C12.556,17.346 12.277,17.452 11.998,17.452 C11.718,17.452 11.439,17.346 11.226,17.132 C10.800,16.706 10.800,16.016 11.226,15.590 L13.728,13.089 L7.634,13.089 C7.032,13.089 6.543,12.600 6.543,11.998 C6.543,11.396 7.032,10.907 7.634,10.907 L13.728,10.907 L11.226,8.406 C10.800,7.980 10.800,7.289 11.226,6.863 C11.652,6.437 12.343,6.437 12.769,6.863 L17.131,11.226 C17.232,11.327 17.312,11.447 17.368,11.581 C17.478,11.848 17.478,12.148 17.368,12.415 Z\" \/>\r\n<\/svg><\/a><\/div>\t\t\r\n\t\t\t\r\n\t\t\t\r\n\t\t<\/div>\r\n\t<\/div>\r\n<\/div>\t\t\t\t<\/div>\n\t\t\t\t<\/div>\n\t\t\t\t\t<\/div>\n\t\t<\/div>\n\t\t\t\t<div class=\"elementor-column elementor-col-25 elementor-inner-column elementor-element elementor-element-c3cbbf7\" data-id=\"c3cbbf7\" data-element_type=\"column\">\n\t\t\t<div class=\"elementor-widget-wrap elementor-element-populated\">\n\t\t\t\t\t\t<div class=\"elementor-element elementor-element-3626d5a rt-animate elementor-invisible elementor-widget elementor-widget-rt-info-box\" data-id=\"3626d5a\" data-element_type=\"widget\" data-settings=\"{&quot;_animation&quot;:&quot;fadeInUp&quot;,&quot;_animation_delay&quot;:500}\" data-widget_type=\"rt-info-box.default\">\n\t\t\t\t<div class=\"elementor-widget-container\">\n\t\t\t\t\t<div class=\"info-box info-style9\">\r\n\t<div class=\"info-item  media-image\">\r\n\t\t<div class=\"info-bg-image\">\r\n\t\t\t<a href=\"https:\/\/oni.al\/products\/integrated-asset-management-system\/?lang=en\"><img fetchpriority=\"high\" decoding=\"async\" width=\"1210\" height=\"779\" src=\"https:\/\/oni.al\/wp-content\/uploads\/2021\/10\/laptop-with-various-icons-server-room-background-e1653045871141.jpg\" class=\"attachment-full size-full wp-image-10935\" alt=\"ONI shpk ofron zgjidhje t\u00eb automatizuara dhe t\u00eb personalizuara n\u00eb Teknologji Informacioni dhe Zhvillim Software p\u00ebr cdo sip\u00ebrmarrje. ONI shpk in Tirana, Albania offers automated and personalized solutions in Information Technology &amp; Software Development for every enterprise\" \/><\/a>\t\t<\/div>\r\n\t\t<div class=\"info-content media-body\">\t\r\n\t\t\t\t\t\t<div class=\"icon-image\">\r\n\t\t\t\t\t\t            \r\n\t\t\t\t\t<span class=\"info-img\"><a href=\"https:\/\/oni.al\/products\/integrated-asset-management-system\/?lang=en\"><img decoding=\"async\" width=\"777\" height=\"331\" src=\"https:\/\/oni.al\/wp-content\/uploads\/2022\/05\/Sistem-i-administrimit-te-aseteve.png\" class=\"attachment-full size-full wp-image-9112\" alt=\"ONI shpk ofron zgjidhje t\u00eb automatizuara dhe t\u00eb personalizuara n\u00eb Teknologji Informacioni dhe Zhvillim Software p\u00ebr cdo sip\u00ebrmarrje. ONI shpk in Tirana, Albania offers automated and personalized solutions in Information Technology &amp; Software Development for every enterprise\" srcset=\"https:\/\/oni.al\/wp-content\/uploads\/2022\/05\/Sistem-i-administrimit-te-aseteve.png 777w, https:\/\/oni.al\/wp-content\/uploads\/2022\/05\/Sistem-i-administrimit-te-aseteve-300x128.png 300w, https:\/\/oni.al\/wp-content\/uploads\/2022\/05\/Sistem-i-administrimit-te-aseteve-768x327.png 768w\" sizes=\"(max-width: 777px) 100vw, 777px\" \/><\/span>  \r\n\t\t\t\t\t\t\t<\/div>\r\n\r\n\t\t\t\t\t\t\t\t\t\t\t\t<div class=\"info-text\">\r\n\t\t\t\t\t\tWith ARKIVA, &amp; SYSTEM program, we enable document inventory, process optimization, document scanning etc.\t\t\t\t\t<\/div>\r\n\t\t\t\t\t\t\t\t\t\t\t\t\t<div class=\"info-button7\"><a class=\"btn-style8\" href=\"https:\/\/oni.al\/products\/integrated-asset-management-system\/?lang=en\">Read More<svg xmlns=\"http:\/\/www.w3.org\/2000\/svg\" width=\"24px\" height=\"24px\" viewBox=\"0 0 24 24\">\r\n<path fill=\"rgb(250, 54, 10)\" d=\"M11.998,23.997 C5.381,23.997 -0.001,18.614 -0.001,11.998 C-0.001,5.382 5.381,-0.001 11.998,-0.001 C18.614,-0.001 23.997,5.382 23.997,11.998 C23.997,18.614 18.614,23.997 11.998,23.997 ZM11.998,2.181 C6.584,2.181 2.180,6.585 2.180,11.998 C2.180,17.412 6.584,21.815 11.998,21.815 C17.411,21.815 21.815,17.412 21.815,11.998 C21.815,6.585 17.411,2.181 11.998,2.181 ZM17.368,12.415 C17.312,12.548 17.232,12.669 17.131,12.770 L12.769,17.132 C12.556,17.346 12.277,17.452 11.998,17.452 C11.718,17.452 11.439,17.346 11.226,17.132 C10.800,16.706 10.800,16.016 11.226,15.590 L13.728,13.089 L7.634,13.089 C7.032,13.089 6.543,12.600 6.543,11.998 C6.543,11.396 7.032,10.907 7.634,10.907 L13.728,10.907 L11.226,8.406 C10.800,7.980 10.800,7.289 11.226,6.863 C11.652,6.437 12.343,6.437 12.769,6.863 L17.131,11.226 C17.232,11.327 17.312,11.447 17.368,11.581 C17.478,11.848 17.478,12.148 17.368,12.415 Z\" \/>\r\n<\/svg><\/a><\/div>\t\t\r\n\t\t\t\r\n\t\t\t\r\n\t\t<\/div>\r\n\t<\/div>\r\n<\/div>\t\t\t\t<\/div>\n\t\t\t\t<\/div>\n\t\t\t\t\t<\/div>\n\t\t<\/div>\n\t\t\t\t<div class=\"elementor-column elementor-col-25 elementor-inner-column elementor-element elementor-element-9c072f3\" data-id=\"9c072f3\" data-element_type=\"column\">\n\t\t\t<div class=\"elementor-widget-wrap elementor-element-populated\">\n\t\t\t\t\t\t<div class=\"elementor-element elementor-element-201bf5a rt-animate elementor-invisible elementor-widget elementor-widget-rt-info-box\" data-id=\"201bf5a\" data-element_type=\"widget\" data-settings=\"{&quot;_animation&quot;:&quot;fadeInUp&quot;,&quot;_animation_delay&quot;:700}\" data-widget_type=\"rt-info-box.default\">\n\t\t\t\t<div class=\"elementor-widget-container\">\n\t\t\t\t\t<div class=\"info-box info-style9\">\r\n\t<div class=\"info-item  media-image\">\r\n\t\t<div class=\"info-bg-image\">\r\n\t\t\t<a href=\"https:\/\/oni.al\/products\/arkimedo\/?lang=en\"><img fetchpriority=\"high\" decoding=\"async\" width=\"1210\" height=\"779\" src=\"https:\/\/oni.al\/wp-content\/uploads\/2021\/10\/laptop-with-various-icons-server-room-background-e1653045871141.jpg\" class=\"attachment-full size-full wp-image-10935\" alt=\"ONI shpk ofron zgjidhje t\u00eb automatizuara dhe t\u00eb personalizuara n\u00eb Teknologji Informacioni dhe Zhvillim Software p\u00ebr cdo sip\u00ebrmarrje. ONI shpk in Tirana, Albania offers automated and personalized solutions in Information Technology &amp; Software Development for every enterprise\" \/><\/a>\t\t<\/div>\r\n\t\t<div class=\"info-content media-body\">\t\r\n\t\t\t\t\t\t<div class=\"icon-image\">\r\n\t\t\t\t\t\t            \r\n\t\t\t\t\t<span class=\"info-img\"><a href=\"https:\/\/oni.al\/products\/arkimedo\/?lang=en\"><img loading=\"lazy\" decoding=\"async\" width=\"1200\" height=\"218\" src=\"https:\/\/oni.al\/wp-content\/uploads\/2022\/05\/logo-arkimed-e1652999690276.png\" class=\"attachment-full size-full wp-image-8900\" alt=\"ONI shpk ofron zgjidhje t\u00eb automatizuara dhe t\u00eb personalizuara n\u00eb Teknologji Informacioni dhe Zhvillim Software p\u00ebr cdo sip\u00ebrmarrje. ONI shpk in Tirana, Albania offers automated and personalized solutions in Information Technology &amp; Software Development for every enterprise\" \/><\/span>  \r\n\t\t\t\t\t\t\t<\/div>\r\n\r\n\t\t\t\t\t\t\t\t\t\t\t\t<div class=\"info-text\">\r\n\t\t\t\t\t\tArchimedo 21 is a software solution for businesses and institutions that helps them manage their key business components.\t\t\t\t\t<\/div>\r\n\t\t\t\t\t\t\t\t\t\t\t\t\t<div class=\"info-button7\"><a class=\"btn-style8\" href=\"https:\/\/oni.al\/products\/arkimedo\/?lang=en\">Read More<svg xmlns=\"http:\/\/www.w3.org\/2000\/svg\" width=\"24px\" height=\"24px\" viewBox=\"0 0 24 24\">\r\n<path fill=\"rgb(250, 54, 10)\" d=\"M11.998,23.997 C5.381,23.997 -0.001,18.614 -0.001,11.998 C-0.001,5.382 5.381,-0.001 11.998,-0.001 C18.614,-0.001 23.997,5.382 23.997,11.998 C23.997,18.614 18.614,23.997 11.998,23.997 ZM11.998,2.181 C6.584,2.181 2.180,6.585 2.180,11.998 C2.180,17.412 6.584,21.815 11.998,21.815 C17.411,21.815 21.815,17.412 21.815,11.998 C21.815,6.585 17.411,2.181 11.998,2.181 ZM17.368,12.415 C17.312,12.548 17.232,12.669 17.131,12.770 L12.769,17.132 C12.556,17.346 12.277,17.452 11.998,17.452 C11.718,17.452 11.439,17.346 11.226,17.132 C10.800,16.706 10.800,16.016 11.226,15.590 L13.728,13.089 L7.634,13.089 C7.032,13.089 6.543,12.600 6.543,11.998 C6.543,11.396 7.032,10.907 7.634,10.907 L13.728,10.907 L11.226,8.406 C10.800,7.980 10.800,7.289 11.226,6.863 C11.652,6.437 12.343,6.437 12.769,6.863 L17.131,11.226 C17.232,11.327 17.312,11.447 17.368,11.581 C17.478,11.848 17.478,12.148 17.368,12.415 Z\" \/>\r\n<\/svg><\/a><\/div>\t\t\r\n\t\t\t\r\n\t\t\t\r\n\t\t<\/div>\r\n\t<\/div>\r\n<\/div>\t\t\t\t<\/div>\n\t\t\t\t<\/div>\n\t\t\t\t\t<\/div>\n\t\t<\/div>\n\t\t\t\t\t<\/div>\n\t\t<\/section>\n\t\t\t\t<div class=\"elementor-element elementor-element-6b5442a elementor-widget__width-auto elementor-absolute elementor-hidden-tablet elementor-hidden-mobile elementor-widget elementor-widget-image\" data-id=\"6b5442a\" data-element_type=\"widget\" data-settings=\"{&quot;_position&quot;:&quot;absolute&quot;}\" data-widget_type=\"image.default\">\n\t\t\t\t<div class=\"elementor-widget-container\">\n\t\t\t\t\t\t\t\t\t\t\t\t\t\t\t<img loading=\"lazy\" decoding=\"async\" width=\"355\" height=\"509\" src=\"https:\/\/oni.al\/wp-content\/uploads\/2022\/01\/shape16.png\" class=\"attachment-full size-full wp-image-6710\" alt=\"ONI shpk ofron zgjidhje t\u00eb automatizuara dhe t\u00eb personalizuara n\u00eb Teknologji Informacioni dhe Zhvillim Software p\u00ebr cdo sip\u00ebrmarrje. ONI shpk in Tirana, Albania offers automated and personalized solutions in Information Technology &amp; Software Development for every enterprise\" srcset=\"https:\/\/oni.al\/wp-content\/uploads\/2022\/01\/shape16.png 355w, https:\/\/oni.al\/wp-content\/uploads\/2022\/01\/shape16-109x157.png 109w, https:\/\/oni.al\/wp-content\/uploads\/2022\/01\/shape16-209x300.png 209w\" sizes=\"(max-width: 355px) 100vw, 355px\" \/>\t\t\t\t\t\t\t\t\t\t\t\t\t\t\t<\/div>\n\t\t\t\t<\/div>\n\t\t\t\t\t<\/div>\n\t\t<\/div>\n\t\t\t\t\t<\/div>\n\t\t<\/section>\n\t\t\t\t<\/div>\n\t\t","protected":false},"excerpt":{"rendered":"<p>The Integrated Health Information System includes every structure in a hospital, its focus is to increase the quality of service to the patient. Read More SISP is a system who includes every structure in a hospital, its focus is to increase the quality of service to the patient. Read More With ARKIVA, &amp; SYSTEM program, [&hellip;]<\/p>\n","protected":false},"author":3,"featured_media":0,"parent":0,"menu_order":0,"comment_status":"closed","ping_status":"closed","template":"","meta":{"footnotes":""},"class_list":["post-11284","page","type-page","status-publish","hentry"],"_links":{"self":[{"href":"https:\/\/oni.al\/en\/wp-json\/wp\/v2\/pages\/11284","targetHints":{"allow":["GET"]}}],"collection":[{"href":"https:\/\/oni.al\/en\/wp-json\/wp\/v2\/pages"}],"about":[{"href":"https:\/\/oni.al\/en\/wp-json\/wp\/v2\/types\/page"}],"author":[{"embeddable":true,"href":"https:\/\/oni.al\/en\/wp-json\/wp\/v2\/users\/3"}],"replies":[{"embeddable":true,"href":"https:\/\/oni.al\/en\/wp-json\/wp\/v2\/comments?post=11284"}],"version-history":[{"count":25,"href":"https:\/\/oni.al\/en\/wp-json\/wp\/v2\/pages\/11284\/revisions"}],"predecessor-version":[{"id":11498,"href":"https:\/\/oni.al\/en\/wp-json\/wp\/v2\/pages\/11284\/revisions\/11498"}],"wp:attachment":[{"href":"https:\/\/oni.al\/en\/wp-json\/wp\/v2\/media?parent=11284"}],"curies":[{"name":"wp","href":"https:\/\/api.w.org\/{rel}","templated":true}]}}