{"id":11031,"date":"2022-01-18T07:01:00","date_gmt":"2022-01-18T06:01:00","guid":{"rendered":"https:\/\/oni.al\/arkimedo\/"},"modified":"2024-08-07T13:16:58","modified_gmt":"2024-08-07T11:16:58","slug":"arkimedo-21","status":"publish","type":"page","link":"https:\/\/oni.al\/en\/products\/arkimedo-21\/","title":{"rendered":"Arkimedo-21"},"content":{"rendered":"\t\t<div data-elementor-type=\"wp-page\" data-elementor-id=\"11031\" class=\"elementor elementor-11031 elementor-6903\">\n\t\t\t\t\t\t<section class=\"elementor-section elementor-top-section elementor-element elementor-element-2bed325 elementor-section-full_width elementor-section-stretched elementor-section-height-default elementor-section-height-default rt-parallax-bg-no\" data-id=\"2bed325\" data-element_type=\"section\" data-settings=\"{&quot;stretch_section&quot;:&quot;section-stretched&quot;}\">\n\t\t\t\t\t\t<div class=\"elementor-container elementor-column-gap-no\">\n\t\t\t\t\t<div class=\"elementor-column elementor-col-100 elementor-top-column elementor-element elementor-element-05bb4e7\" data-id=\"05bb4e7\" data-element_type=\"column\">\n\t\t\t<div class=\"elementor-widget-wrap elementor-element-populated\">\n\t\t\t\t\t\t<div class=\"elementor-element elementor-element-289ebb4 elementor-widget elementor-widget-video\" data-id=\"289ebb4\" data-element_type=\"widget\" data-settings=\"{&quot;video_type&quot;:&quot;hosted&quot;,&quot;autoplay&quot;:&quot;yes&quot;,&quot;loop&quot;:&quot;yes&quot;,&quot;controls&quot;:&quot;yes&quot;}\" data-widget_type=\"video.default\">\n\t\t\t\t<div class=\"elementor-widget-container\">\n\t\t\t\t\t\t\t<div class=\"e-hosted-video elementor-wrapper elementor-open-inline\">\n\t\t\t\t\t<video class=\"elementor-video\" src=\"https:\/\/oni.al\/wp-content\/uploads\/2022\/05\/WhatsApp-Video-2022-05-10-at-5.43.28-PM.mp4\" autoplay=\"\" loop=\"\" controls=\"\" controlsList=\"nodownload\"><\/video>\n\t\t\t\t<\/div>\n\t\t\t\t\t\t<\/div>\n\t\t\t\t<\/div>\n\t\t\t\t\t<\/div>\n\t\t<\/div>\n\t\t\t\t\t<\/div>\n\t\t<\/section>\n\t\t\t\t<section class=\"elementor-section elementor-top-section elementor-element elementor-element-c613564 elementor-section-boxed elementor-section-height-default elementor-section-height-default rt-parallax-bg-no\" data-id=\"c613564\" data-element_type=\"section\">\n\t\t\t\t\t\t<div class=\"elementor-container elementor-column-gap-default\">\n\t\t\t\t\t<div class=\"elementor-column elementor-col-100 elementor-top-column elementor-element elementor-element-65d8e02 rt-animate elementor-invisible\" data-id=\"65d8e02\" data-element_type=\"column\" data-settings=\"{&quot;animation&quot;:&quot;fadeInUp&quot;}\">\n\t\t\t<div class=\"elementor-widget-wrap elementor-element-populated\">\n\t\t\t\t\t\t<div class=\"elementor-element elementor-element-eb1de25 elementor-widget elementor-widget-rt-title\" data-id=\"eb1de25\" data-element_type=\"widget\" data-widget_type=\"rt-title.default\">\n\t\t\t\t<div class=\"elementor-widget-container\">\n\t\t\t\t\t<div class=\"sec-title style2\">\n\t<div class=\"sec-title-holder\">\n\t\t\t\t            \n\t\t\t<span class=\"rtin-img\"><img decoding=\"async\" src=\"https:\/\/oni.al\/wp-content\/uploads\/elementor\/thumbs\/logo-arkimed-e1652999690276-pp2dlig5ssq273d7k9fyiisoqgh3233dqiqv48h7wi.png\" title=\"logo arkimed\" alt=\"ONI shpk ofron zgjidhje t\u00eb automatizuara dhe t\u00eb personalizuara n\u00eb Teknologji Informacioni dhe Zhvillim Software p\u00ebr cdo sip\u00ebrmarrje. ONI shpk in Tirana, Albania offers automated and personalized solutions in Information Technology &amp; Software Development for every enterprise\" loading=\"lazy\" \/><\/span>  \n\t\t\t\t\t\t<h2 class=\"rtin-title\">What is Arkimedo-21?<\/h2>\n\t\t\t<\/div>\n<\/div>\t\t\t\t<\/div>\n\t\t\t\t<\/div>\n\t\t\t\t<div class=\"elementor-element elementor-element-6d06643 elementor-widget elementor-widget-text-editor\" data-id=\"6d06643\" data-element_type=\"widget\" data-widget_type=\"text-editor.default\">\n\t\t\t\t<div class=\"elementor-widget-container\">\n\t\t\t\t\t\t\t\t\t<p>Archimedo 21 is a business planning and management software solution that helps companies and institutions manage the various key components of their business.<\/p>\t\t\t\t\t\t\t\t<\/div>\n\t\t\t\t<\/div>\n\t\t\t\t\t<\/div>\n\t\t<\/div>\n\t\t\t\t\t<\/div>\n\t\t<\/section>\n\t\t\t\t<section class=\"elementor-section elementor-top-section elementor-element elementor-element-688db00 elementor-section-boxed elementor-section-height-default elementor-section-height-default rt-parallax-bg-no\" data-id=\"688db00\" data-element_type=\"section\" data-settings=\"{&quot;background_background&quot;:&quot;classic&quot;}\">\n\t\t\t\t\t\t<div class=\"elementor-container elementor-column-gap-default\">\n\t\t\t\t\t<div class=\"elementor-column elementor-col-100 elementor-top-column elementor-element elementor-element-cd0b5fb\" data-id=\"cd0b5fb\" data-element_type=\"column\">\n\t\t\t<div class=\"elementor-widget-wrap elementor-element-populated\">\n\t\t\t\t\t\t<div class=\"elementor-element elementor-element-a2e4c03 elementor-widget elementor-widget-rt-title\" data-id=\"a2e4c03\" data-element_type=\"widget\" data-widget_type=\"rt-title.default\">\n\t\t\t\t<div class=\"elementor-widget-container\">\n\t\t\t\t\t<div class=\"sec-title style2\">\n\t<div class=\"sec-title-holder\">\n\t\t \t\n\t\t\t\t\t\t\t\t\t\t\t\t<h2 class=\"rtin-title\">Why should be chosen Arkimedo-21?<\/h2>\n\t\t\t<\/div>\n<\/div>\t\t\t\t<\/div>\n\t\t\t\t<\/div>\n\t\t\t\t<section class=\"elementor-section elementor-inner-section elementor-element elementor-element-90aee37 elementor-section-boxed elementor-section-height-default elementor-section-height-default rt-parallax-bg-no\" data-id=\"90aee37\" data-element_type=\"section\">\n\t\t\t\t\t\t<div class=\"elementor-container elementor-column-gap-default\">\n\t\t\t\t\t<div class=\"elementor-column elementor-col-50 elementor-inner-column elementor-element elementor-element-391cf4b\" data-id=\"391cf4b\" data-element_type=\"column\">\n\t\t\t<div class=\"elementor-widget-wrap elementor-element-populated\">\n\t\t\t\t\t\t<div class=\"elementor-element elementor-element-f6375fe elementor-widget elementor-widget-image\" data-id=\"f6375fe\" data-element_type=\"widget\" data-widget_type=\"image.default\">\n\t\t\t\t<div class=\"elementor-widget-container\">\n\t\t\t\t\t\t\t\t\t\t\t\t\t\t\t<img decoding=\"async\" src=\"https:\/\/oni.al\/wp-content\/uploads\/elementor\/thumbs\/IMG_20220413_094249_428-e1655105493247-pq8sw3rpyyoyur4npejlxx04nvm8rt4odttxb169nu.jpg\" title=\"IMG_20220413_094249_428\" alt=\"IMG_20220413_094249_428\" loading=\"lazy\" \/>\t\t\t\t\t\t\t\t\t\t\t\t\t\t\t<\/div>\n\t\t\t\t<\/div>\n\t\t\t\t\t<\/div>\n\t\t<\/div>\n\t\t\t\t<div class=\"elementor-column elementor-col-50 elementor-inner-column elementor-element elementor-element-5e33a1e\" data-id=\"5e33a1e\" data-element_type=\"column\">\n\t\t\t<div class=\"elementor-widget-wrap elementor-element-populated\">\n\t\t\t\t\t\t<div class=\"elementor-element elementor-element-5a3814c elementor-widget elementor-widget-text-editor\" data-id=\"5a3814c\" data-element_type=\"widget\" data-widget_type=\"text-editor.default\">\n\t\t\t\t<div class=\"elementor-widget-container\">\n\t\t\t\t\t\t\t\t\t<p>In today&#8217;s world of digitalization, the amount of information materials that a business or institution must keep in mind or process them, is increasing every day and manual methods or not centralized, condition the increase of performance and sustainable success.<\/p><p>Archimedo-21 provides the business or institution with the ability to collect, store, analyze, and circulate data operations through a centralized system. A centralized system helps to benefit in real time all users of the system by issuing more efficient reports and providing statistical assistance for decision-making within the institution or business of financial level, production, clientele, performance, etc.<\/p>\t\t\t\t\t\t\t\t<\/div>\n\t\t\t\t<\/div>\n\t\t\t\t\t<\/div>\n\t\t<\/div>\n\t\t\t\t\t<\/div>\n\t\t<\/section>\n\t\t\t\t\t<\/div>\n\t\t<\/div>\n\t\t\t\t\t<\/div>\n\t\t<\/section>\n\t\t\t\t<section class=\"elementor-section elementor-top-section elementor-element elementor-element-b99e34b elementor-section-boxed elementor-section-height-default elementor-section-height-default rt-parallax-bg-no\" data-id=\"b99e34b\" data-element_type=\"section\">\n\t\t\t\t\t\t<div class=\"elementor-container elementor-column-gap-default\">\n\t\t\t\t\t<div class=\"elementor-column elementor-col-100 elementor-top-column elementor-element elementor-element-f04d2af\" data-id=\"f04d2af\" data-element_type=\"column\">\n\t\t\t<div class=\"elementor-widget-wrap elementor-element-populated\">\n\t\t\t\t\t\t<div class=\"elementor-element elementor-element-b0f1e9f elementor-widget elementor-widget-rt-title\" data-id=\"b0f1e9f\" data-element_type=\"widget\" data-widget_type=\"rt-title.default\">\n\t\t\t\t<div class=\"elementor-widget-container\">\n\t\t\t\t\t<div class=\"sec-title style2\">\n\t<div class=\"sec-title-holder\">\n\t\t \t\n\t\t\t\t\t\t\t\t\t\t\t\t<h2 class=\"rtin-title\">Where can be used Arkimedo-21?<\/h2>\n\t\t\t<\/div>\n<\/div>\t\t\t\t<\/div>\n\t\t\t\t<\/div>\n\t\t\t\t<div class=\"elementor-element elementor-element-b5bf898 elementor-widget elementor-widget-text-editor\" data-id=\"b5bf898\" data-element_type=\"widget\" data-widget_type=\"text-editor.default\">\n\t\t\t\t<div class=\"elementor-widget-container\">\n\t\t\t\t\t\t\t\t\t<p>Arkimedo21 has a wide range of uses, where the special advantage is the communication between different field groups in a centralized system.<\/p><p><strong>Arkimedo-21 can be used on these areas:<\/strong><\/p>\t\t\t\t\t\t\t\t<\/div>\n\t\t\t\t<\/div>\n\t\t\t\t\t<\/div>\n\t\t<\/div>\n\t\t\t\t\t<\/div>\n\t\t<\/section>\n\t\t\t\t<section class=\"elementor-section elementor-top-section elementor-element elementor-element-663a8ec elementor-section-boxed elementor-section-height-default elementor-section-height-default rt-parallax-bg-no\" data-id=\"663a8ec\" data-element_type=\"section\">\n\t\t\t\t\t\t<div class=\"elementor-container elementor-column-gap-default\">\n\t\t\t\t\t<div class=\"elementor-column elementor-col-100 elementor-top-column elementor-element elementor-element-9542e6e rt-animate elementor-invisible\" data-id=\"9542e6e\" data-element_type=\"column\" data-settings=\"{&quot;animation&quot;:&quot;fadeInUp&quot;}\">\n\t\t\t<div class=\"elementor-widget-wrap elementor-element-populated\">\n\t\t\t\t\t\t<section class=\"elementor-section elementor-inner-section elementor-element elementor-element-7964dcd elementor-section-boxed elementor-section-height-default elementor-section-height-default rt-parallax-bg-no\" data-id=\"7964dcd\" data-element_type=\"section\">\n\t\t\t\t\t\t<div class=\"elementor-container elementor-column-gap-default\">\n\t\t\t\t\t<div class=\"elementor-column elementor-col-50 elementor-inner-column elementor-element elementor-element-7698be4\" data-id=\"7698be4\" data-element_type=\"column\">\n\t\t\t<div class=\"elementor-widget-wrap elementor-element-populated\">\n\t\t\t\t\t\t<div class=\"elementor-element elementor-element-324eb27 elementor-icon-list--layout-traditional elementor-list-item-link-full_width elementor-widget elementor-widget-icon-list\" data-id=\"324eb27\" data-element_type=\"widget\" data-widget_type=\"icon-list.default\">\n\t\t\t\t<div class=\"elementor-widget-container\">\n\t\t\t\t\t\t\t<ul class=\"elementor-icon-list-items\">\n\t\t\t\t\t\t\t<li class=\"elementor-icon-list-item\">\n\t\t\t\t\t\t\t\t\t\t\t<span class=\"elementor-icon-list-icon\">\n\t\t\t\t\t\t\t<i aria-hidden=\"true\" class=\"fas fa-check-circle\"><\/i>\t\t\t\t\t\t<\/span>\n\t\t\t\t\t\t\t\t\t\t<span class=\"elementor-icon-list-text\">Financial calculations management.<\/span>\n\t\t\t\t\t\t\t\t\t<\/li>\n\t\t\t\t\t\t\t\t<li class=\"elementor-icon-list-item\">\n\t\t\t\t\t\t\t\t\t\t\t<span class=\"elementor-icon-list-icon\">\n\t\t\t\t\t\t\t<i aria-hidden=\"true\" class=\"fas fa-check-circle\"><\/i>\t\t\t\t\t\t<\/span>\n\t\t\t\t\t\t\t\t\t\t<span class=\"elementor-icon-list-text\">Human resource management.<\/span>\n\t\t\t\t\t\t\t\t\t<\/li>\n\t\t\t\t\t\t\t\t<li class=\"elementor-icon-list-item\">\n\t\t\t\t\t\t\t\t\t\t\t<span class=\"elementor-icon-list-icon\">\n\t\t\t\t\t\t\t<i aria-hidden=\"true\" class=\"fas fa-check-circle\"><\/i>\t\t\t\t\t\t<\/span>\n\t\t\t\t\t\t\t\t\t\t<span class=\"elementor-icon-list-text\">Industrial production management and planning.<\/span>\n\t\t\t\t\t\t\t\t\t<\/li>\n\t\t\t\t\t\t\t\t<li class=\"elementor-icon-list-item\">\n\t\t\t\t\t\t\t\t\t\t\t<span class=\"elementor-icon-list-icon\">\n\t\t\t\t\t\t\t<i aria-hidden=\"true\" class=\"fas fa-check-circle\"><\/i>\t\t\t\t\t\t<\/span>\n\t\t\t\t\t\t\t\t\t\t<span class=\"elementor-icon-list-text\">Sales and purchasing management.<\/span>\n\t\t\t\t\t\t\t\t\t<\/li>\n\t\t\t\t\t\t<\/ul>\n\t\t\t\t\t\t<\/div>\n\t\t\t\t<\/div>\n\t\t\t\t\t<\/div>\n\t\t<\/div>\n\t\t\t\t<div class=\"elementor-column elementor-col-50 elementor-inner-column elementor-element elementor-element-37fb54e\" data-id=\"37fb54e\" data-element_type=\"column\">\n\t\t\t<div class=\"elementor-widget-wrap elementor-element-populated\">\n\t\t\t\t\t\t<div class=\"elementor-element elementor-element-f19ff1e elementor-icon-list--layout-traditional elementor-list-item-link-full_width elementor-widget elementor-widget-icon-list\" data-id=\"f19ff1e\" data-element_type=\"widget\" data-widget_type=\"icon-list.default\">\n\t\t\t\t<div class=\"elementor-widget-container\">\n\t\t\t\t\t\t\t<ul class=\"elementor-icon-list-items\">\n\t\t\t\t\t\t\t<li class=\"elementor-icon-list-item\">\n\t\t\t\t\t\t\t\t\t\t\t<span class=\"elementor-icon-list-icon\">\n\t\t\t\t\t\t\t<i aria-hidden=\"true\" class=\"fas fa-check-circle\"><\/i>\t\t\t\t\t\t<\/span>\n\t\t\t\t\t\t\t\t\t\t<span class=\"elementor-icon-list-text\">Customer interaction management.<\/span>\n\t\t\t\t\t\t\t\t\t<\/li>\n\t\t\t\t\t\t\t\t<li class=\"elementor-icon-list-item\">\n\t\t\t\t\t\t\t\t\t\t\t<span class=\"elementor-icon-list-icon\">\n\t\t\t\t\t\t\t<i aria-hidden=\"true\" class=\"fas fa-check-circle\"><\/i>\t\t\t\t\t\t<\/span>\n\t\t\t\t\t\t\t\t\t\t<span class=\"elementor-icon-list-text\">Project management.<\/span>\n\t\t\t\t\t\t\t\t\t<\/li>\n\t\t\t\t\t\t\t\t<li class=\"elementor-icon-list-item\">\n\t\t\t\t\t\t\t\t\t\t\t<span class=\"elementor-icon-list-icon\">\n\t\t\t\t\t\t\t<i aria-hidden=\"true\" class=\"fas fa-check-circle\"><\/i>\t\t\t\t\t\t<\/span>\n\t\t\t\t\t\t\t\t\t\t<span class=\"elementor-icon-list-text\">Problem management and information assistance.<\/span>\n\t\t\t\t\t\t\t\t\t<\/li>\n\t\t\t\t\t\t\t\t<li class=\"elementor-icon-list-item\">\n\t\t\t\t\t\t\t\t\t\t\t<span class=\"elementor-icon-list-icon\">\n\t\t\t\t\t\t\t<i aria-hidden=\"true\" class=\"fas fa-check-circle\"><\/i>\t\t\t\t\t\t<\/span>\n\t\t\t\t\t\t\t\t\t\t<span class=\"elementor-icon-list-text\">Assets management.<\/span>\n\t\t\t\t\t\t\t\t\t<\/li>\n\t\t\t\t\t\t<\/ul>\n\t\t\t\t\t\t<\/div>\n\t\t\t\t<\/div>\n\t\t\t\t\t<\/div>\n\t\t<\/div>\n\t\t\t\t\t<\/div>\n\t\t<\/section>\n\t\t\t\t\t<\/div>\n\t\t<\/div>\n\t\t\t\t\t<\/div>\n\t\t<\/section>\n\t\t\t\t<section class=\"elementor-section elementor-top-section elementor-element elementor-element-706402c elementor-section-boxed elementor-section-height-default elementor-section-height-default rt-parallax-bg-no\" data-id=\"706402c\" data-element_type=\"section\">\n\t\t\t\t\t\t<div class=\"elementor-container elementor-column-gap-default\">\n\t\t\t\t\t<div class=\"elementor-column elementor-col-100 elementor-top-column elementor-element elementor-element-b0d7bc6\" data-id=\"b0d7bc6\" data-element_type=\"column\">\n\t\t\t<div class=\"elementor-widget-wrap elementor-element-populated\">\n\t\t\t\t\t\t<div class=\"elementor-element elementor-element-3e8c47f elementor-widget elementor-widget-rt-title\" data-id=\"3e8c47f\" data-element_type=\"widget\" data-widget_type=\"rt-title.default\">\n\t\t\t\t<div class=\"elementor-widget-container\">\n\t\t\t\t\t<div class=\"sec-title style2\">\n\t<div class=\"sec-title-holder\">\n\t\t \t\n\t\t\t\t\t\t\t\t\t\t\t\t<h2 class=\"rtin-title\">Arkimedo-21 links with other processes:<\/h2>\n\t\t\t<\/div>\n<\/div>\t\t\t\t<\/div>\n\t\t\t\t<\/div>\n\t\t\t\t<div class=\"elementor-element elementor-element-b98999c elementor-widget elementor-widget-text-editor\" data-id=\"b98999c\" data-element_type=\"widget\" data-widget_type=\"text-editor.default\">\n\t\t\t\t<div class=\"elementor-widget-container\">\n\t\t\t\t\t\t\t\t\t<p>Archimedo-21 as a centralized data processing and management software from different field groups, interacts and communicates in several ways with different concepts of urban digital inventory with GIS systems (Geographic Information System).<\/p>\t\t\t\t\t\t\t\t<\/div>\n\t\t\t\t<\/div>\n\t\t\t\t\t<\/div>\n\t\t<\/div>\n\t\t\t\t\t<\/div>\n\t\t<\/section>\n\t\t\t\t<section class=\"elementor-section elementor-top-section elementor-element elementor-element-cd833d5 elementor-section-boxed elementor-section-height-default elementor-section-height-default rt-parallax-bg-no\" data-id=\"cd833d5\" data-element_type=\"section\">\n\t\t\t\t\t\t<div class=\"elementor-container elementor-column-gap-default\">\n\t\t\t\t\t<div class=\"elementor-column elementor-col-100 elementor-top-column elementor-element elementor-element-bf1195f\" data-id=\"bf1195f\" data-element_type=\"column\">\n\t\t\t<div class=\"elementor-widget-wrap elementor-element-populated\">\n\t\t\t\t\t\t<div class=\"elementor-element elementor-element-f2f6f90 elementor-widget elementor-widget-rt-title\" data-id=\"f2f6f90\" data-element_type=\"widget\" data-widget_type=\"rt-title.default\">\n\t\t\t\t<div class=\"elementor-widget-container\">\n\t\t\t\t\t<div class=\"sec-title style2\">\n\t<div class=\"sec-title-holder\">\n\t\t \t\n\t\t\t\t\t\t\t\t\t\t\t\t<h2 class=\"rtin-title\">Photo Gallery<\/h2>\n\t\t\t<\/div>\n<\/div>\t\t\t\t<\/div>\n\t\t\t\t<\/div>\n\t\t\t\t<div class=\"elementor-element elementor-element-6fe65e4 elementor-widget elementor-widget-image-gallery\" data-id=\"6fe65e4\" data-element_type=\"widget\" data-widget_type=\"image-gallery.default\">\n\t\t\t\t<div class=\"elementor-widget-container\">\n\t\t\t\t\t\t\t<div class=\"elementor-image-gallery\">\n\t\t\t<div id='gallery-1' class='gallery galleryid-11031 gallery-columns-3 gallery-size-finbuzz-size4'><figure class='gallery-item'>\n\t\t\t<div class='gallery-icon landscape'>\n\t\t\t\t<a data-elementor-open-lightbox=\"yes\" data-elementor-lightbox-slideshow=\"6fe65e4\" data-elementor-lightbox-title=\"Screenshot-2024-08-02-at-1.15.05-PM-copy.jpg\" data-e-action-hash=\"#elementor-action%3Aaction%3Dlightbox%26settings%3DeyJpZCI6MTQxNTAsInVybCI6Imh0dHBzOlwvXC9vbmkuYWxcL3dwLWNvbnRlbnRcL3VwbG9hZHNcLzIwMjRcLzA4XC9TY3JlZW5zaG90LTIwMjQtMDgtMDItYXQtMS4xNS4wNS1QTS1jb3B5LTEuanBnIiwic2xpZGVzaG93IjoiNmZlNjVlNCJ9\" href='https:\/\/oni.al\/wp-content\/uploads\/2024\/08\/Screenshot-2024-08-02-at-1.15.05-PM-copy-1.jpg'><img fetchpriority=\"high\" decoding=\"async\" width=\"570\" height=\"406\" src=\"https:\/\/oni.al\/wp-content\/uploads\/2024\/08\/Screenshot-2024-08-02-at-1.15.05-PM-copy-1-570x406.jpg\" class=\"attachment-finbuzz-size4 size-finbuzz-size4\" alt=\"\" \/><\/a>\n\t\t\t<\/div><\/figure><figure class='gallery-item'>\n\t\t\t<div class='gallery-icon landscape'>\n\t\t\t\t<a data-elementor-open-lightbox=\"yes\" data-elementor-lightbox-slideshow=\"6fe65e4\" data-elementor-lightbox-title=\"Screenshot-2024-08-02-at-1.11.30-PM-copy.jpg\" data-e-action-hash=\"#elementor-action%3Aaction%3Dlightbox%26settings%3DeyJpZCI6MTQxNTIsInVybCI6Imh0dHBzOlwvXC9vbmkuYWxcL3dwLWNvbnRlbnRcL3VwbG9hZHNcLzIwMjRcLzA4XC9TY3JlZW5zaG90LTIwMjQtMDgtMDItYXQtMS4xMS4zMC1QTS1jb3B5LTEuanBnIiwic2xpZGVzaG93IjoiNmZlNjVlNCJ9\" href='https:\/\/oni.al\/wp-content\/uploads\/2024\/08\/Screenshot-2024-08-02-at-1.11.30-PM-copy-1.jpg'><img decoding=\"async\" width=\"570\" height=\"406\" src=\"https:\/\/oni.al\/wp-content\/uploads\/2024\/08\/Screenshot-2024-08-02-at-1.11.30-PM-copy-1-570x406.jpg\" class=\"attachment-finbuzz-size4 size-finbuzz-size4\" alt=\"\" \/><\/a>\n\t\t\t<\/div><\/figure><figure class='gallery-item'>\n\t\t\t<div class='gallery-icon landscape'>\n\t\t\t\t<a data-elementor-open-lightbox=\"yes\" data-elementor-lightbox-slideshow=\"6fe65e4\" data-elementor-lightbox-title=\"Screenshot-2024-08-02-at-1.12.17-PM-copy.jpg\" data-e-action-hash=\"#elementor-action%3Aaction%3Dlightbox%26settings%3DeyJpZCI6MTQxNTQsInVybCI6Imh0dHBzOlwvXC9vbmkuYWxcL3dwLWNvbnRlbnRcL3VwbG9hZHNcLzIwMjRcLzA4XC9TY3JlZW5zaG90LTIwMjQtMDgtMDItYXQtMS4xMi4xNy1QTS1jb3B5LTEuanBnIiwic2xpZGVzaG93IjoiNmZlNjVlNCJ9\" href='https:\/\/oni.al\/wp-content\/uploads\/2024\/08\/Screenshot-2024-08-02-at-1.12.17-PM-copy-1.jpg'><img decoding=\"async\" width=\"570\" height=\"406\" src=\"https:\/\/oni.al\/wp-content\/uploads\/2024\/08\/Screenshot-2024-08-02-at-1.12.17-PM-copy-1-570x406.jpg\" class=\"attachment-finbuzz-size4 size-finbuzz-size4\" alt=\"\" \/><\/a>\n\t\t\t<\/div><\/figure><figure class='gallery-item'>\n\t\t\t<div class='gallery-icon landscape'>\n\t\t\t\t<a data-elementor-open-lightbox=\"yes\" data-elementor-lightbox-slideshow=\"6fe65e4\" data-elementor-lightbox-title=\"Screenshot-2024-08-02-at-1.12.39-PM-copy.jpg\" data-e-action-hash=\"#elementor-action%3Aaction%3Dlightbox%26settings%3DeyJpZCI6MTQxNTYsInVybCI6Imh0dHBzOlwvXC9vbmkuYWxcL3dwLWNvbnRlbnRcL3VwbG9hZHNcLzIwMjRcLzA4XC9TY3JlZW5zaG90LTIwMjQtMDgtMDItYXQtMS4xMi4zOS1QTS1jb3B5LTEuanBnIiwic2xpZGVzaG93IjoiNmZlNjVlNCJ9\" href='https:\/\/oni.al\/wp-content\/uploads\/2024\/08\/Screenshot-2024-08-02-at-1.12.39-PM-copy-1.jpg'><img loading=\"lazy\" decoding=\"async\" width=\"570\" height=\"406\" src=\"https:\/\/oni.al\/wp-content\/uploads\/2024\/08\/Screenshot-2024-08-02-at-1.12.39-PM-copy-1-570x406.jpg\" class=\"attachment-finbuzz-size4 size-finbuzz-size4\" alt=\"\" \/><\/a>\n\t\t\t<\/div><\/figure><figure class='gallery-item'>\n\t\t\t<div class='gallery-icon landscape'>\n\t\t\t\t<a data-elementor-open-lightbox=\"yes\" data-elementor-lightbox-slideshow=\"6fe65e4\" data-elementor-lightbox-title=\"Screenshot-2024-08-02-at-1.13.05-PM-copy.jpg\" data-e-action-hash=\"#elementor-action%3Aaction%3Dlightbox%26settings%3DeyJpZCI6MTQxNTgsInVybCI6Imh0dHBzOlwvXC9vbmkuYWxcL3dwLWNvbnRlbnRcL3VwbG9hZHNcLzIwMjRcLzA4XC9TY3JlZW5zaG90LTIwMjQtMDgtMDItYXQtMS4xMy4wNS1QTS1jb3B5LTEuanBnIiwic2xpZGVzaG93IjoiNmZlNjVlNCJ9\" href='https:\/\/oni.al\/wp-content\/uploads\/2024\/08\/Screenshot-2024-08-02-at-1.13.05-PM-copy-1.jpg'><img loading=\"lazy\" decoding=\"async\" width=\"570\" height=\"406\" src=\"https:\/\/oni.al\/wp-content\/uploads\/2024\/08\/Screenshot-2024-08-02-at-1.13.05-PM-copy-1-570x406.jpg\" class=\"attachment-finbuzz-size4 size-finbuzz-size4\" alt=\"\" \/><\/a>\n\t\t\t<\/div><\/figure><figure class='gallery-item'>\n\t\t\t<div class='gallery-icon landscape'>\n\t\t\t\t<a data-elementor-open-lightbox=\"yes\" data-elementor-lightbox-slideshow=\"6fe65e4\" data-elementor-lightbox-title=\"Screenshot-2024-08-02-at-1.14.03-PM-copy.jpg\" data-e-action-hash=\"#elementor-action%3Aaction%3Dlightbox%26settings%3DeyJpZCI6MTQxNjAsInVybCI6Imh0dHBzOlwvXC9vbmkuYWxcL3dwLWNvbnRlbnRcL3VwbG9hZHNcLzIwMjRcLzA4XC9TY3JlZW5zaG90LTIwMjQtMDgtMDItYXQtMS4xNC4wMy1QTS1jb3B5LTEuanBnIiwic2xpZGVzaG93IjoiNmZlNjVlNCJ9\" href='https:\/\/oni.al\/wp-content\/uploads\/2024\/08\/Screenshot-2024-08-02-at-1.14.03-PM-copy-1.jpg'><img loading=\"lazy\" decoding=\"async\" width=\"570\" height=\"406\" src=\"https:\/\/oni.al\/wp-content\/uploads\/2024\/08\/Screenshot-2024-08-02-at-1.14.03-PM-copy-1-570x406.jpg\" class=\"attachment-finbuzz-size4 size-finbuzz-size4\" alt=\"\" \/><\/a>\n\t\t\t<\/div><\/figure>\n\t\t<\/div>\n\t\t<\/div>\n\t\t\t\t\t\t<\/div>\n\t\t\t\t<\/div>\n\t\t\t\t\t<\/div>\n\t\t<\/div>\n\t\t\t\t\t<\/div>\n\t\t<\/section>\n\t\t\t\t<\/div>\n\t\t","protected":false},"excerpt":{"rendered":"<p>https:\/\/oni.al\/wp-content\/uploads\/2022\/05\/WhatsApp-Video-2022-05-10-at-5.43.28-PM.mp4 What is Arkimedo-21? Archimedo 21 is a business planning and management software solution that helps companies and institutions manage the various key components of their business. Why should be chosen Arkimedo-21? In today&#8217;s world of digitalization, the amount of information materials that a business or institution must keep in mind or process them, is [&hellip;]<\/p>\n","protected":false},"author":1,"featured_media":0,"parent":11284,"menu_order":0,"comment_status":"closed","ping_status":"closed","template":"elementor_header_footer","meta":{"footnotes":""},"class_list":["post-11031","page","type-page","status-publish","hentry"],"_links":{"self":[{"href":"https:\/\/oni.al\/en\/wp-json\/wp\/v2\/pages\/11031","targetHints":{"allow":["GET"]}}],"collection":[{"href":"https:\/\/oni.al\/en\/wp-json\/wp\/v2\/pages"}],"about":[{"href":"https:\/\/oni.al\/en\/wp-json\/wp\/v2\/types\/page"}],"author":[{"embeddable":true,"href":"https:\/\/oni.al\/en\/wp-json\/wp\/v2\/users\/1"}],"replies":[{"embeddable":true,"href":"https:\/\/oni.al\/en\/wp-json\/wp\/v2\/comments?post=11031"}],"version-history":[{"count":95,"href":"https:\/\/oni.al\/en\/wp-json\/wp\/v2\/pages\/11031\/revisions"}],"predecessor-version":[{"id":14164,"href":"https:\/\/oni.al\/en\/wp-json\/wp\/v2\/pages\/11031\/revisions\/14164"}],"up":[{"embeddable":true,"href":"https:\/\/oni.al\/en\/wp-json\/wp\/v2\/pages\/11284"}],"wp:attachment":[{"href":"https:\/\/oni.al\/en\/wp-json\/wp\/v2\/media?parent=11031"}],"curies":[{"name":"wp","href":"https:\/\/api.w.org\/{rel}","templated":true}]}}